{"id":9154,"date":"2023-01-13T00:19:27","date_gmt":"2023-01-13T00:19:27","guid":{"rendered":"https:\/\/www.tommedications.com\/sobre-tom-2\/"},"modified":"2023-01-13T11:59:47","modified_gmt":"2023-01-13T11:59:47","slug":"sobre-tom","status":"publish","type":"page","link":"https:\/\/www.tommedications.com\/es\/sobre-tom\/","title":{"rendered":"Sobre TOM"},"content":{"rendered":"\t\t<div data-elementor-type=\"wp-page\" data-elementor-id=\"9154\" class=\"elementor elementor-9154 elementor-9140\" data-elementor-post-type=\"page\">\n\t\t\t\t\t\t<section class=\"elementor-section elementor-top-section elementor-element elementor-element-5b36131 animated-slow elementor-section-boxed elementor-section-height-default elementor-section-height-default elementor-invisible\" data-id=\"5b36131\" data-element_type=\"section\" data-settings=\"{&quot;animation&quot;:&quot;fadeIn&quot;}\">\n\t\t\t\t\t\t<div class=\"elementor-container elementor-column-gap-default\">\n\t\t\t\t\t<div class=\"elementor-column elementor-col-100 elementor-top-column elementor-element elementor-element-23655a26\" data-id=\"23655a26\" data-element_type=\"column\">\n\t\t\t<div class=\"elementor-widget-wrap elementor-element-populated\">\n\t\t\t\t\t\t<div class=\"elementor-element elementor-element-12a8184 elementor-widget elementor-widget-heading\" data-id=\"12a8184\" data-element_type=\"widget\" data-widget_type=\"heading.default\">\n\t\t\t\t<div class=\"elementor-widget-container\">\n\t\t\t\t\t<h1 class=\"elementor-heading-title elementor-size-default\">TOM - Ayudamos a la gente con su medicaci\u00f3n.<\/h1>\t\t\t\t<\/div>\n\t\t\t\t<\/div>\n\t\t\t\t<section class=\"elementor-section elementor-inner-section elementor-element elementor-element-58bae39 elementor-section-full_width elementor-section-height-default elementor-section-height-default\" data-id=\"58bae39\" data-element_type=\"section\">\n\t\t\t\t\t\t<div class=\"elementor-container elementor-column-gap-default\">\n\t\t\t\t\t<div class=\"elementor-column elementor-col-100 elementor-inner-column elementor-element elementor-element-1f833f28\" data-id=\"1f833f28\" data-element_type=\"column\">\n\t\t\t<div class=\"elementor-widget-wrap elementor-element-populated\">\n\t\t\t\t\t\t<div class=\"elementor-element elementor-element-74ab9fa4 elementor-widget elementor-widget-text-editor\" data-id=\"74ab9fa4\" data-element_type=\"widget\" data-widget_type=\"text-editor.default\">\n\t\t\t\t<div class=\"elementor-widget-container\">\n\t\t\t\t\t\t\t\t\t<p>TOM facilita el seguimiento y la adherencia a las terapias<\/p>\n<p>Se trata del \u00e9xito de la terapia y no de los datos personales.<\/p>\n<p>Por lo tanto, TOM tambi\u00e9n puede utilizarse exclusivamente de forma an\u00f3nima.<\/p>\n<p>Con 3 millones de interacciones in-app de usuarios de TOM al mes, la Comunidad TOM es ahora la mayor plataforma de salud totalmente an\u00f3nima con pacientes cr\u00f3nicos altamente activos en Suiza.<\/p>\n<p>Un usuario de TOM tiene una media de 12 puntos de contacto en la aplicaci\u00f3n TOM al d\u00eda. Eso es un compromiso real. Y esto s\u00f3lo ocurre cuando se crea un verdadero valor a\u00f1adido para el usuario. Sostenible.<\/p>\n<p>En eso trabajamos a diario todo el equipo de TOM.<\/p>\n\t\t\t\t\t\t\t\t<\/div>\n\t\t\t\t<\/div>\n\t\t\t\t\t<\/div>\n\t\t<\/div>\n\t\t\t\t\t<\/div>\n\t\t<\/section>\n\t\t\t\t\t<\/div>\n\t\t<\/div>\n\t\t\t\t\t<\/div>\n\t\t<\/section>\n\t\t\t\t<section class=\"elementor-section elementor-top-section elementor-element elementor-element-3cc6a547 animated-slow elementor-section-boxed elementor-section-height-default elementor-section-height-default elementor-invisible\" data-id=\"3cc6a547\" data-element_type=\"section\" data-settings=\"{&quot;animation&quot;:&quot;fadeIn&quot;}\">\n\t\t\t\t\t\t<div class=\"elementor-container elementor-column-gap-default\">\n\t\t\t\t\t<div class=\"elementor-column elementor-col-100 elementor-top-column elementor-element elementor-element-d3fa896\" data-id=\"d3fa896\" data-element_type=\"column\">\n\t\t\t<div class=\"elementor-widget-wrap elementor-element-populated\">\n\t\t\t\t\t\t<div class=\"elementor-element elementor-element-221ca846 elementor-widget elementor-widget-heading\" data-id=\"221ca846\" data-element_type=\"widget\" data-widget_type=\"heading.default\">\n\t\t\t\t<div class=\"elementor-widget-container\">\n\t\t\t\t\t<h2 class=\"elementor-heading-title elementor-size-default\">La familia TOM<\/h2>\t\t\t\t<\/div>\n\t\t\t\t<\/div>\n\t\t\t\t<section class=\"elementor-section elementor-inner-section elementor-element elementor-element-4867dc90 elementor-section-full_width elementor-section-height-default elementor-section-height-default\" data-id=\"4867dc90\" data-element_type=\"section\">\n\t\t\t\t\t\t<div class=\"elementor-container elementor-column-gap-default\">\n\t\t\t\t\t<div class=\"elementor-column elementor-col-100 elementor-inner-column elementor-element elementor-element-28082b66\" data-id=\"28082b66\" data-element_type=\"column\">\n\t\t\t<div class=\"elementor-widget-wrap elementor-element-populated\">\n\t\t\t\t\t\t<div class=\"elementor-element elementor-element-1c555752 elementor-widget elementor-widget-text-editor\" data-id=\"1c555752\" data-element_type=\"widget\" data-widget_type=\"text-editor.default\">\n\t\t\t\t<div class=\"elementor-widget-container\">\n\t\t\t\t\t\t\t\t\t<p>TOM surge del valioso apoyo de muchas personas que ofrecen una colaboraci\u00f3n significativa y que persiguen el mismo objetivo: mejorar TOM &#8211; cada d\u00eda. Mejorando TOM cada d\u00eda.<\/p>\n<p>&nbsp;<\/p>\n<p>La familia TOM no solo se compone de los fundadores y empleados de Innovation 6 AG, sino tambi\u00e9n de muchos socios fant\u00e1sticos, de cooperaciones y de amistades de muchos a\u00f1os. Una estrecha colaboraci\u00f3n entre expertos, que trabajan con y para TOM desde cualquier rinc\u00f3n del mundo. Desde casa, desde la oficina o en la carretera.&nbsp;<\/p>\n<p>Muy \u00e1gil, profesional y fiable, as\u00ed es la familia TOM.<\/p>\t\t\t\t\t\t\t\t<\/div>\n\t\t\t\t<\/div>\n\t\t\t\t\t<\/div>\n\t\t<\/div>\n\t\t\t\t\t<\/div>\n\t\t<\/section>\n\t\t\t\t\t<\/div>\n\t\t<\/div>\n\t\t\t\t\t<\/div>\n\t\t<\/section>\n\t\t\t\t<section class=\"elementor-section elementor-top-section elementor-element elementor-element-5d30eabc elementor-section-boxed elementor-section-height-default elementor-section-height-default\" data-id=\"5d30eabc\" data-element_type=\"section\">\n\t\t\t\t\t\t<div class=\"elementor-container elementor-column-gap-default\">\n\t\t\t\t\t<div class=\"elementor-column elementor-col-100 elementor-top-column elementor-element elementor-element-66126a99\" data-id=\"66126a99\" data-element_type=\"column\">\n\t\t\t<div class=\"elementor-widget-wrap\">\n\t\t\t\t\t\t\t<\/div>\n\t\t<\/div>\n\t\t\t\t\t<\/div>\n\t\t<\/section>\n\t\t\t\t<\/div>\n\t\t","protected":false},"excerpt":{"rendered":"<p>TOM &#8211; Ayudamos a la gente con su medicaci\u00f3n. TOM facilita el seguimiento y la adherencia a las terapias Se trata del \u00e9xito de la terapia y no de los datos personales. Por lo tanto, TOM tambi\u00e9n puede utilizarse exclusivamente de forma an\u00f3nima. Con 3 millones de interacciones in-app de usuarios de TOM al mes, [&hellip;]<\/p>\n","protected":false},"author":5,"featured_media":0,"parent":0,"menu_order":0,"comment_status":"closed","ping_status":"closed","template":"elementor_header_footer","meta":{"_acf_changed":false,"footnotes":""},"class_list":["post-9154","page","type-page","status-publish","hentry"],"acf":[],"yoast_head":"<!-- This site is optimized with the Yoast SEO plugin v26.8 - https:\/\/yoast.com\/product\/yoast-seo-wordpress\/ -->\n<title>Sobre TOM - TOM Medications<\/title>\n<meta name=\"description\" content=\"TOM facilita el seguimiento y la adherencia a las terapias. Se trata del \u00e9xito de la terapia y no de los datos personales.\" \/>\n<meta name=\"robots\" content=\"index, follow, max-snippet:-1, max-image-preview:large, max-video-preview:-1\" \/>\n<link rel=\"canonical\" href=\"https:\/\/www.tommedications.com\/es\/sobre-tom\/\" \/>\n<meta property=\"og:locale\" content=\"es_ES\" \/>\n<meta property=\"og:type\" content=\"article\" \/>\n<meta property=\"og:title\" content=\"Sobre TOM - TOM Medications\" \/>\n<meta property=\"og:description\" content=\"TOM facilita el seguimiento y la adherencia a las terapias. Se trata del \u00e9xito de la terapia y no de los datos personales.\" \/>\n<meta property=\"og:url\" content=\"https:\/\/www.tommedications.com\/es\/sobre-tom\/\" \/>\n<meta property=\"og:site_name\" content=\"TOM Medications\" \/>\n<meta property=\"article:modified_time\" content=\"2023-01-13T11:59:47+00:00\" \/>\n<meta name=\"twitter:card\" content=\"summary_large_image\" \/>\n<meta name=\"twitter:label1\" content=\"Tiempo de lectura\" \/>\n\t<meta name=\"twitter:data1\" content=\"2 minutos\" \/>\n<script type=\"application\/ld+json\" class=\"yoast-schema-graph\">{\"@context\":\"https:\/\/schema.org\",\"@graph\":[{\"@type\":\"WebPage\",\"@id\":\"https:\/\/www.tommedications.com\/es\/sobre-tom\/\",\"url\":\"https:\/\/www.tommedications.com\/es\/sobre-tom\/\",\"name\":\"Sobre TOM - TOM Medications\",\"isPartOf\":{\"@id\":\"https:\/\/www.tommedications.com\/es\/#website\"},\"datePublished\":\"2023-01-13T00:19:27+00:00\",\"dateModified\":\"2023-01-13T11:59:47+00:00\",\"description\":\"TOM facilita el seguimiento y la adherencia a las terapias. Se trata del \u00e9xito de la terapia y no de los datos personales.\",\"inLanguage\":\"es\",\"potentialAction\":[{\"@type\":\"ReadAction\",\"target\":[\"https:\/\/www.tommedications.com\/es\/sobre-tom\/\"]}]},{\"@type\":\"WebSite\",\"@id\":\"https:\/\/www.tommedications.com\/es\/#website\",\"url\":\"https:\/\/www.tommedications.com\/es\/\",\"name\":\"TOM Medications\",\"description\":\"TOM App \u2013 f\u00fcr Gesundheit und Wohlbefinden\",\"publisher\":{\"@id\":\"https:\/\/www.tommedications.com\/es\/#organization\"},\"potentialAction\":[{\"@type\":\"SearchAction\",\"target\":{\"@type\":\"EntryPoint\",\"urlTemplate\":\"https:\/\/www.tommedications.com\/es\/?s={search_term_string}\"},\"query-input\":{\"@type\":\"PropertyValueSpecification\",\"valueRequired\":true,\"valueName\":\"search_term_string\"}}],\"inLanguage\":\"es\"},{\"@type\":\"Organization\",\"@id\":\"https:\/\/www.tommedications.com\/es\/#organization\",\"name\":\"TOM Medications\",\"url\":\"https:\/\/www.tommedications.com\/es\/\",\"logo\":{\"@type\":\"ImageObject\",\"inLanguage\":\"es\",\"@id\":\"https:\/\/www.tommedications.com\/es\/#\/schema\/logo\/image\/\",\"url\":\"https:\/\/www.tommedications.com\/wp-content\/uploads\/2022\/04\/TOM-Logo.svg\",\"contentUrl\":\"https:\/\/www.tommedications.com\/wp-content\/uploads\/2022\/04\/TOM-Logo.svg\",\"width\":213,\"height\":60,\"caption\":\"TOM Medications\"},\"image\":{\"@id\":\"https:\/\/www.tommedications.com\/es\/#\/schema\/logo\/image\/\"}}]}<\/script>\n<!-- \/ Yoast SEO plugin. -->","yoast_head_json":{"title":"Sobre TOM - TOM Medications","description":"TOM facilita el seguimiento y la adherencia a las terapias. Se trata del \u00e9xito de la terapia y no de los datos personales.","robots":{"index":"index","follow":"follow","max-snippet":"max-snippet:-1","max-image-preview":"max-image-preview:large","max-video-preview":"max-video-preview:-1"},"canonical":"https:\/\/www.tommedications.com\/es\/sobre-tom\/","og_locale":"es_ES","og_type":"article","og_title":"Sobre TOM - TOM Medications","og_description":"TOM facilita el seguimiento y la adherencia a las terapias. Se trata del \u00e9xito de la terapia y no de los datos personales.","og_url":"https:\/\/www.tommedications.com\/es\/sobre-tom\/","og_site_name":"TOM Medications","article_modified_time":"2023-01-13T11:59:47+00:00","twitter_card":"summary_large_image","twitter_misc":{"Tiempo de lectura":"2 minutos"},"schema":{"@context":"https:\/\/schema.org","@graph":[{"@type":"WebPage","@id":"https:\/\/www.tommedications.com\/es\/sobre-tom\/","url":"https:\/\/www.tommedications.com\/es\/sobre-tom\/","name":"Sobre TOM - TOM Medications","isPartOf":{"@id":"https:\/\/www.tommedications.com\/es\/#website"},"datePublished":"2023-01-13T00:19:27+00:00","dateModified":"2023-01-13T11:59:47+00:00","description":"TOM facilita el seguimiento y la adherencia a las terapias. Se trata del \u00e9xito de la terapia y no de los datos personales.","inLanguage":"es","potentialAction":[{"@type":"ReadAction","target":["https:\/\/www.tommedications.com\/es\/sobre-tom\/"]}]},{"@type":"WebSite","@id":"https:\/\/www.tommedications.com\/es\/#website","url":"https:\/\/www.tommedications.com\/es\/","name":"TOM Medications","description":"TOM App \u2013 f\u00fcr Gesundheit und Wohlbefinden","publisher":{"@id":"https:\/\/www.tommedications.com\/es\/#organization"},"potentialAction":[{"@type":"SearchAction","target":{"@type":"EntryPoint","urlTemplate":"https:\/\/www.tommedications.com\/es\/?s={search_term_string}"},"query-input":{"@type":"PropertyValueSpecification","valueRequired":true,"valueName":"search_term_string"}}],"inLanguage":"es"},{"@type":"Organization","@id":"https:\/\/www.tommedications.com\/es\/#organization","name":"TOM Medications","url":"https:\/\/www.tommedications.com\/es\/","logo":{"@type":"ImageObject","inLanguage":"es","@id":"https:\/\/www.tommedications.com\/es\/#\/schema\/logo\/image\/","url":"https:\/\/www.tommedications.com\/wp-content\/uploads\/2022\/04\/TOM-Logo.svg","contentUrl":"https:\/\/www.tommedications.com\/wp-content\/uploads\/2022\/04\/TOM-Logo.svg","width":213,"height":60,"caption":"TOM Medications"},"image":{"@id":"https:\/\/www.tommedications.com\/es\/#\/schema\/logo\/image\/"}}]}},"_links":{"self":[{"href":"https:\/\/www.tommedications.com\/es\/wp-json\/wp\/v2\/pages\/9154","targetHints":{"allow":["GET"]}}],"collection":[{"href":"https:\/\/www.tommedications.com\/es\/wp-json\/wp\/v2\/pages"}],"about":[{"href":"https:\/\/www.tommedications.com\/es\/wp-json\/wp\/v2\/types\/page"}],"author":[{"embeddable":true,"href":"https:\/\/www.tommedications.com\/es\/wp-json\/wp\/v2\/users\/5"}],"replies":[{"embeddable":true,"href":"https:\/\/www.tommedications.com\/es\/wp-json\/wp\/v2\/comments?post=9154"}],"version-history":[{"count":7,"href":"https:\/\/www.tommedications.com\/es\/wp-json\/wp\/v2\/pages\/9154\/revisions"}],"predecessor-version":[{"id":9332,"href":"https:\/\/www.tommedications.com\/es\/wp-json\/wp\/v2\/pages\/9154\/revisions\/9332"}],"wp:attachment":[{"href":"https:\/\/www.tommedications.com\/es\/wp-json\/wp\/v2\/media?parent=9154"}],"curies":[{"name":"wp","href":"https:\/\/api.w.org\/{rel}","templated":true}]}}