{"id":9085,"date":"2023-01-13T00:08:21","date_gmt":"2023-01-13T00:08:21","guid":{"rendered":"https:\/\/www.tommedications.com\/mentions-legales-2\/"},"modified":"2023-01-13T13:14:54","modified_gmt":"2023-01-13T13:14:54","slug":"mentions-legales","status":"publish","type":"page","link":"https:\/\/www.tommedications.com\/fr\/mentions-legales\/","title":{"rendered":"Mentions l\u00e9gales"},"content":{"rendered":"\t\t<div data-elementor-type=\"wp-page\" data-elementor-id=\"9085\" class=\"elementor elementor-9085 elementor-9076\" data-elementor-post-type=\"page\">\n\t\t\t\t\t\t<section class=\"elementor-section elementor-top-section elementor-element elementor-element-59d54037 animated-slow elementor-section-boxed elementor-section-height-default elementor-section-height-default elementor-invisible\" data-id=\"59d54037\" data-element_type=\"section\" data-settings=\"{&quot;animation&quot;:&quot;fadeIn&quot;}\">\n\t\t\t\t\t\t<div class=\"elementor-container elementor-column-gap-default\">\n\t\t\t\t\t<div class=\"elementor-column elementor-col-100 elementor-top-column elementor-element elementor-element-6492ea2\" data-id=\"6492ea2\" data-element_type=\"column\">\n\t\t\t<div class=\"elementor-widget-wrap elementor-element-populated\">\n\t\t\t\t\t\t<div class=\"elementor-element elementor-element-4763e48a elementor-widget elementor-widget-heading\" data-id=\"4763e48a\" data-element_type=\"widget\" data-widget_type=\"heading.default\">\n\t\t\t\t<div class=\"elementor-widget-container\">\n\t\t\t\t\t<h2 class=\"elementor-heading-title elementor-size-default\">Mentions l\u00e9gales<\/h2>\t\t\t\t<\/div>\n\t\t\t\t<\/div>\n\t\t\t\t<div class=\"elementor-element elementor-element-2efefe66 elementor-widget elementor-widget-text-editor\" data-id=\"2efefe66\" data-element_type=\"widget\" data-widget_type=\"text-editor.default\">\n\t\t\t\t<div class=\"elementor-widget-container\">\n\t\t\t\t\t\t\t\t\t<p><strong>Innovation 6 AG<\/strong><\/p><p>Pf\u00e4ffikerstrasse 109,<\/p><p>8615 Wermatswil,<\/p><p>Suisse<\/p><p>\u00a0<\/p><p>Num\u00e9ro d&rsquo;identification fiscale : CHE-263.807.653<\/p><p>Directeur g\u00e9n\u00e9ral : Sven Beichler<\/p><p>\u00a0<\/p><p>Mail : support@innovation6.ch<\/p><p>Web : www.tommedications.com<\/p>\t\t\t\t\t\t\t\t<\/div>\n\t\t\t\t<\/div>\n\t\t\t\t\t<\/div>\n\t\t<\/div>\n\t\t\t\t\t<\/div>\n\t\t<\/section>\n\t\t\t\t<\/div>\n\t\t","protected":false},"excerpt":{"rendered":"<p>Mentions l\u00e9gales Innovation 6 AG Pf\u00e4ffikerstrasse 109, 8615 Wermatswil, Suisse \u00a0 Num\u00e9ro d&rsquo;identification fiscale : CHE-263.807.653 Directeur g\u00e9n\u00e9ral : Sven Beichler \u00a0 Mail : support@innovation6.ch Web : www.tommedications.com<\/p>\n","protected":false},"author":5,"featured_media":0,"parent":0,"menu_order":0,"comment_status":"closed","ping_status":"closed","template":"elementor_header_footer","meta":{"_acf_changed":false,"footnotes":""},"class_list":["post-9085","page","type-page","status-publish","hentry"],"acf":[],"yoast_head":"<!-- This site is optimized with the Yoast SEO plugin v26.8 - https:\/\/yoast.com\/product\/yoast-seo-wordpress\/ -->\n<title>Mentions l\u00e9gales - TOM Medications<\/title>\n<meta name=\"robots\" content=\"noindex, follow\" \/>\n<meta property=\"og:locale\" content=\"fr_FR\" \/>\n<meta property=\"og:type\" content=\"article\" \/>\n<meta property=\"og:title\" content=\"Mentions l\u00e9gales - TOM Medications\" \/>\n<meta property=\"og:description\" content=\"Mentions l\u00e9gales Innovation 6 AG Pf\u00e4ffikerstrasse 109, 8615 Wermatswil, Suisse \u00a0 Num\u00e9ro d&rsquo;identification fiscale : CHE-263.807.653 Directeur g\u00e9n\u00e9ral : Sven Beichler \u00a0 Mail : support@innovation6.ch Web : www.tommedications.com\" \/>\n<meta property=\"og:url\" content=\"https:\/\/www.tommedications.com\/fr\/mentions-legales\/\" \/>\n<meta property=\"og:site_name\" content=\"TOM Medications\" \/>\n<meta property=\"article:modified_time\" content=\"2023-01-13T13:14:54+00:00\" \/>\n<meta name=\"twitter:card\" content=\"summary_large_image\" \/>\n<meta name=\"twitter:label1\" content=\"Dur\u00e9e de lecture estim\u00e9e\" \/>\n\t<meta name=\"twitter:data1\" content=\"1 minute\" \/>\n<script type=\"application\/ld+json\" class=\"yoast-schema-graph\">{\"@context\":\"https:\/\/schema.org\",\"@graph\":[{\"@type\":\"WebPage\",\"@id\":\"https:\/\/www.tommedications.com\/fr\/mentions-legales\/\",\"url\":\"https:\/\/www.tommedications.com\/fr\/mentions-legales\/\",\"name\":\"Mentions l\u00e9gales - TOM Medications\",\"isPartOf\":{\"@id\":\"https:\/\/www.tommedications.com\/fr\/#website\"},\"datePublished\":\"2023-01-13T00:08:21+00:00\",\"dateModified\":\"2023-01-13T13:14:54+00:00\",\"inLanguage\":\"fr-FR\",\"potentialAction\":[{\"@type\":\"ReadAction\",\"target\":[\"https:\/\/www.tommedications.com\/fr\/mentions-legales\/\"]}]},{\"@type\":\"WebSite\",\"@id\":\"https:\/\/www.tommedications.com\/fr\/#website\",\"url\":\"https:\/\/www.tommedications.com\/fr\/\",\"name\":\"TOM Medications\",\"description\":\"TOM App \u2013 f\u00fcr Gesundheit und Wohlbefinden\",\"publisher\":{\"@id\":\"https:\/\/www.tommedications.com\/fr\/#organization\"},\"potentialAction\":[{\"@type\":\"SearchAction\",\"target\":{\"@type\":\"EntryPoint\",\"urlTemplate\":\"https:\/\/www.tommedications.com\/fr\/?s={search_term_string}\"},\"query-input\":{\"@type\":\"PropertyValueSpecification\",\"valueRequired\":true,\"valueName\":\"search_term_string\"}}],\"inLanguage\":\"fr-FR\"},{\"@type\":\"Organization\",\"@id\":\"https:\/\/www.tommedications.com\/fr\/#organization\",\"name\":\"TOM Medications\",\"url\":\"https:\/\/www.tommedications.com\/fr\/\",\"logo\":{\"@type\":\"ImageObject\",\"inLanguage\":\"fr-FR\",\"@id\":\"https:\/\/www.tommedications.com\/fr\/#\/schema\/logo\/image\/\",\"url\":\"https:\/\/www.tommedications.com\/wp-content\/uploads\/2022\/04\/TOM-Logo.svg\",\"contentUrl\":\"https:\/\/www.tommedications.com\/wp-content\/uploads\/2022\/04\/TOM-Logo.svg\",\"width\":213,\"height\":60,\"caption\":\"TOM Medications\"},\"image\":{\"@id\":\"https:\/\/www.tommedications.com\/fr\/#\/schema\/logo\/image\/\"}}]}<\/script>\n<!-- \/ Yoast SEO plugin. -->","yoast_head_json":{"title":"Mentions l\u00e9gales - TOM Medications","robots":{"index":"noindex","follow":"follow"},"og_locale":"fr_FR","og_type":"article","og_title":"Mentions l\u00e9gales - TOM Medications","og_description":"Mentions l\u00e9gales Innovation 6 AG Pf\u00e4ffikerstrasse 109, 8615 Wermatswil, Suisse \u00a0 Num\u00e9ro d&rsquo;identification fiscale : CHE-263.807.653 Directeur g\u00e9n\u00e9ral : Sven Beichler \u00a0 Mail : support@innovation6.ch Web : www.tommedications.com","og_url":"https:\/\/www.tommedications.com\/fr\/mentions-legales\/","og_site_name":"TOM Medications","article_modified_time":"2023-01-13T13:14:54+00:00","twitter_card":"summary_large_image","twitter_misc":{"Dur\u00e9e de lecture estim\u00e9e":"1 minute"},"schema":{"@context":"https:\/\/schema.org","@graph":[{"@type":"WebPage","@id":"https:\/\/www.tommedications.com\/fr\/mentions-legales\/","url":"https:\/\/www.tommedications.com\/fr\/mentions-legales\/","name":"Mentions l\u00e9gales - TOM Medications","isPartOf":{"@id":"https:\/\/www.tommedications.com\/fr\/#website"},"datePublished":"2023-01-13T00:08:21+00:00","dateModified":"2023-01-13T13:14:54+00:00","inLanguage":"fr-FR","potentialAction":[{"@type":"ReadAction","target":["https:\/\/www.tommedications.com\/fr\/mentions-legales\/"]}]},{"@type":"WebSite","@id":"https:\/\/www.tommedications.com\/fr\/#website","url":"https:\/\/www.tommedications.com\/fr\/","name":"TOM Medications","description":"TOM App \u2013 f\u00fcr Gesundheit und Wohlbefinden","publisher":{"@id":"https:\/\/www.tommedications.com\/fr\/#organization"},"potentialAction":[{"@type":"SearchAction","target":{"@type":"EntryPoint","urlTemplate":"https:\/\/www.tommedications.com\/fr\/?s={search_term_string}"},"query-input":{"@type":"PropertyValueSpecification","valueRequired":true,"valueName":"search_term_string"}}],"inLanguage":"fr-FR"},{"@type":"Organization","@id":"https:\/\/www.tommedications.com\/fr\/#organization","name":"TOM Medications","url":"https:\/\/www.tommedications.com\/fr\/","logo":{"@type":"ImageObject","inLanguage":"fr-FR","@id":"https:\/\/www.tommedications.com\/fr\/#\/schema\/logo\/image\/","url":"https:\/\/www.tommedications.com\/wp-content\/uploads\/2022\/04\/TOM-Logo.svg","contentUrl":"https:\/\/www.tommedications.com\/wp-content\/uploads\/2022\/04\/TOM-Logo.svg","width":213,"height":60,"caption":"TOM Medications"},"image":{"@id":"https:\/\/www.tommedications.com\/fr\/#\/schema\/logo\/image\/"}}]}},"_links":{"self":[{"href":"https:\/\/www.tommedications.com\/fr\/wp-json\/wp\/v2\/pages\/9085","targetHints":{"allow":["GET"]}}],"collection":[{"href":"https:\/\/www.tommedications.com\/fr\/wp-json\/wp\/v2\/pages"}],"about":[{"href":"https:\/\/www.tommedications.com\/fr\/wp-json\/wp\/v2\/types\/page"}],"author":[{"embeddable":true,"href":"https:\/\/www.tommedications.com\/fr\/wp-json\/wp\/v2\/users\/5"}],"replies":[{"embeddable":true,"href":"https:\/\/www.tommedications.com\/fr\/wp-json\/wp\/v2\/comments?post=9085"}],"version-history":[{"count":9,"href":"https:\/\/www.tommedications.com\/fr\/wp-json\/wp\/v2\/pages\/9085\/revisions"}],"predecessor-version":[{"id":9338,"href":"https:\/\/www.tommedications.com\/fr\/wp-json\/wp\/v2\/pages\/9085\/revisions\/9338"}],"wp:attachment":[{"href":"https:\/\/www.tommedications.com\/fr\/wp-json\/wp\/v2\/media?parent=9085"}],"curies":[{"name":"wp","href":"https:\/\/api.w.org\/{rel}","templated":true}]}}