{"id":9150,"date":"2023-01-13T00:19:27","date_gmt":"2023-01-13T00:19:27","guid":{"rendered":"https:\/\/www.tommedications.com\/a-propos-de-tom-2\/"},"modified":"2023-01-13T11:58:56","modified_gmt":"2023-01-13T11:58:56","slug":"a-propos-de-tom","status":"publish","type":"page","link":"https:\/\/www.tommedications.com\/fr\/a-propos-de-tom\/","title":{"rendered":"\u00c0 propos de TOM"},"content":{"rendered":"\t\t<div data-elementor-type=\"wp-page\" data-elementor-id=\"9150\" class=\"elementor elementor-9150 elementor-9140\" data-elementor-post-type=\"page\">\n\t\t\t\t\t\t<section class=\"elementor-section elementor-top-section elementor-element elementor-element-5b36131 animated-slow elementor-section-boxed elementor-section-height-default elementor-section-height-default elementor-invisible\" data-id=\"5b36131\" data-element_type=\"section\" data-settings=\"{&quot;animation&quot;:&quot;fadeIn&quot;}\">\n\t\t\t\t\t\t<div class=\"elementor-container elementor-column-gap-default\">\n\t\t\t\t\t<div class=\"elementor-column elementor-col-100 elementor-top-column elementor-element elementor-element-23655a26\" data-id=\"23655a26\" data-element_type=\"column\">\n\t\t\t<div class=\"elementor-widget-wrap elementor-element-populated\">\n\t\t\t\t\t\t<div class=\"elementor-element elementor-element-12a8184 elementor-widget elementor-widget-heading\" data-id=\"12a8184\" data-element_type=\"widget\" data-widget_type=\"heading.default\">\n\t\t\t\t<div class=\"elementor-widget-container\">\n\t\t\t\t\t<h1 class=\"elementor-heading-title elementor-size-default\">TOM - Nous aidons les gens avec leur m\u00e9dication.<\/h1>\t\t\t\t<\/div>\n\t\t\t\t<\/div>\n\t\t\t\t<section class=\"elementor-section elementor-inner-section elementor-element elementor-element-58bae39 elementor-section-full_width elementor-section-height-default elementor-section-height-default\" data-id=\"58bae39\" data-element_type=\"section\">\n\t\t\t\t\t\t<div class=\"elementor-container elementor-column-gap-default\">\n\t\t\t\t\t<div class=\"elementor-column elementor-col-100 elementor-inner-column elementor-element elementor-element-1f833f28\" data-id=\"1f833f28\" data-element_type=\"column\">\n\t\t\t<div class=\"elementor-widget-wrap elementor-element-populated\">\n\t\t\t\t\t\t<div class=\"elementor-element elementor-element-74ab9fa4 elementor-widget elementor-widget-text-editor\" data-id=\"74ab9fa4\" data-element_type=\"widget\" data-widget_type=\"text-editor.default\">\n\t\t\t\t<div class=\"elementor-widget-container\">\n\t\t\t\t\t\t\t\t\t<p>La TOM facilite le suivi et l&rsquo;observance des traitements<\/p>\n<p>Il s&rsquo;agit de la r\u00e9ussite de la th\u00e9rapie et non de donn\u00e9es personnelles.<\/p>\n<p>C&rsquo;est pourquoi TOM peut \u00eatre utilis\u00e9 exclusivement de mani\u00e8re anonyme.<\/p>\n<p>Avec 3 millions d&rsquo;interactions in-app d&rsquo;utilisateurs TOM par mois, la communaut\u00e9 TOM est aujourd&rsquo;hui la plus grande plateforme de sant\u00e9 enti\u00e8rement anonyme avec des patients chroniques tr\u00e8s actifs en Suisse.<\/p>\n<p>Un utilisateur de la TOM a en moyenne 12 points de contact dans l&rsquo;application TOM par jour. C&rsquo;est un v\u00e9ritable engagement. Et cela ne se produit que si une v\u00e9ritable valeur ajout\u00e9e est cr\u00e9\u00e9e pour l&rsquo;utilisateur. Durable.<\/p>\n<p>C&rsquo;est \u00e0 cela que nous &#8211; toute l&rsquo;\u00e9quipe TOM &#8211; travaillons chaque jour.<\/p>\n\t\t\t\t\t\t\t\t<\/div>\n\t\t\t\t<\/div>\n\t\t\t\t\t<\/div>\n\t\t<\/div>\n\t\t\t\t\t<\/div>\n\t\t<\/section>\n\t\t\t\t\t<\/div>\n\t\t<\/div>\n\t\t\t\t\t<\/div>\n\t\t<\/section>\n\t\t\t\t<section class=\"elementor-section elementor-top-section elementor-element elementor-element-3cc6a547 animated-slow elementor-section-boxed elementor-section-height-default elementor-section-height-default elementor-invisible\" data-id=\"3cc6a547\" data-element_type=\"section\" data-settings=\"{&quot;animation&quot;:&quot;fadeIn&quot;}\">\n\t\t\t\t\t\t<div class=\"elementor-container elementor-column-gap-default\">\n\t\t\t\t\t<div class=\"elementor-column elementor-col-100 elementor-top-column elementor-element elementor-element-d3fa896\" data-id=\"d3fa896\" data-element_type=\"column\">\n\t\t\t<div class=\"elementor-widget-wrap elementor-element-populated\">\n\t\t\t\t\t\t<div class=\"elementor-element elementor-element-221ca846 elementor-widget elementor-widget-heading\" data-id=\"221ca846\" data-element_type=\"widget\" data-widget_type=\"heading.default\">\n\t\t\t\t<div class=\"elementor-widget-container\">\n\t\t\t\t\t<h2 class=\"elementor-heading-title elementor-size-default\">La famille TOM<\/h2>\t\t\t\t<\/div>\n\t\t\t\t<\/div>\n\t\t\t\t<section class=\"elementor-section elementor-inner-section elementor-element elementor-element-4867dc90 elementor-section-full_width elementor-section-height-default elementor-section-height-default\" data-id=\"4867dc90\" data-element_type=\"section\">\n\t\t\t\t\t\t<div class=\"elementor-container elementor-column-gap-default\">\n\t\t\t\t\t<div class=\"elementor-column elementor-col-100 elementor-inner-column elementor-element elementor-element-28082b66\" data-id=\"28082b66\" data-element_type=\"column\">\n\t\t\t<div class=\"elementor-widget-wrap elementor-element-populated\">\n\t\t\t\t\t\t<div class=\"elementor-element elementor-element-1c555752 elementor-widget elementor-widget-text-editor\" data-id=\"1c555752\" data-element_type=\"widget\" data-widget_type=\"text-editor.default\">\n\t\t\t\t<div class=\"elementor-widget-container\">\n\t\t\t\t\t\t\t\t\t<p>TOM existe gr\u00e2ce au magnifique soutien de nombreuses personnes, qui apportent toutes leur pr\u00e9cieuse contribution et poursuivent un objectif commun. Am\u00e9liorer TOM &#8211; chaque jour. Am\u00e9liorer TOM &#8211; chaque jour.<\/p>\n<p>&nbsp;<\/p>\n<p>La famille TOM n\u2019est pas seulement compos\u00e9e de son fondateur et des collaborateurs d\u2019Innovation 6 AG : elle compte aussi des partenariats, aussi fantastiques que nombreux, et des amiti\u00e9s de longue date. Un groupe d\u2019experts soud\u00e9, qui travaillent dans le monde entier avec TOM, et pour TOM. Depuis chez eux, au bureau ou en d\u00e9placement.&nbsp;<\/p>\n<p>Agilit\u00e9, professionnalisme et confiance, voici ce qui caract\u00e9rise la famille TOM.<\/p>\t\t\t\t\t\t\t\t<\/div>\n\t\t\t\t<\/div>\n\t\t\t\t\t<\/div>\n\t\t<\/div>\n\t\t\t\t\t<\/div>\n\t\t<\/section>\n\t\t\t\t\t<\/div>\n\t\t<\/div>\n\t\t\t\t\t<\/div>\n\t\t<\/section>\n\t\t\t\t<section class=\"elementor-section elementor-top-section elementor-element elementor-element-5d30eabc elementor-section-boxed elementor-section-height-default elementor-section-height-default\" data-id=\"5d30eabc\" data-element_type=\"section\">\n\t\t\t\t\t\t<div class=\"elementor-container elementor-column-gap-default\">\n\t\t\t\t\t<div class=\"elementor-column elementor-col-100 elementor-top-column elementor-element elementor-element-66126a99\" data-id=\"66126a99\" data-element_type=\"column\">\n\t\t\t<div class=\"elementor-widget-wrap\">\n\t\t\t\t\t\t\t<\/div>\n\t\t<\/div>\n\t\t\t\t\t<\/div>\n\t\t<\/section>\n\t\t\t\t<\/div>\n\t\t","protected":false},"excerpt":{"rendered":"<p>TOM &#8211; Nous aidons les gens avec leur m\u00e9dication. La TOM facilite le suivi et l&rsquo;observance des traitements Il s&rsquo;agit de la r\u00e9ussite de la th\u00e9rapie et non de donn\u00e9es personnelles. C&rsquo;est pourquoi TOM peut \u00eatre utilis\u00e9 exclusivement de mani\u00e8re anonyme. Avec 3 millions d&rsquo;interactions in-app d&rsquo;utilisateurs TOM par mois, la communaut\u00e9 TOM est aujourd&rsquo;hui [&hellip;]<\/p>\n","protected":false},"author":5,"featured_media":0,"parent":0,"menu_order":0,"comment_status":"closed","ping_status":"closed","template":"elementor_header_footer","meta":{"_acf_changed":false,"footnotes":""},"class_list":["post-9150","page","type-page","status-publish","hentry"],"acf":[],"yoast_head":"<!-- This site is optimized with the Yoast SEO plugin v26.8 - https:\/\/yoast.com\/product\/yoast-seo-wordpress\/ -->\n<title>\u00c0 propos de TOM - TOM Medications<\/title>\n<meta name=\"description\" content=\"La TOM facilite le suivi et l&#039;observance des th\u00e9rapies. Il s&#039;agit de la r\u00e9ussite de la th\u00e9rapie et non de donn\u00e9es personnelles.\" \/>\n<meta name=\"robots\" content=\"index, follow, max-snippet:-1, max-image-preview:large, max-video-preview:-1\" \/>\n<link rel=\"canonical\" href=\"https:\/\/www.tommedications.com\/fr\/a-propos-de-tom\/\" \/>\n<meta property=\"og:locale\" content=\"fr_FR\" \/>\n<meta property=\"og:type\" content=\"article\" \/>\n<meta property=\"og:title\" content=\"\u00c0 propos de TOM - TOM Medications\" \/>\n<meta property=\"og:description\" content=\"La TOM facilite le suivi et l&#039;observance des th\u00e9rapies. Il s&#039;agit de la r\u00e9ussite de la th\u00e9rapie et non de donn\u00e9es personnelles.\" \/>\n<meta property=\"og:url\" content=\"https:\/\/www.tommedications.com\/fr\/a-propos-de-tom\/\" \/>\n<meta property=\"og:site_name\" content=\"TOM Medications\" \/>\n<meta property=\"article:modified_time\" content=\"2023-01-13T11:58:56+00:00\" \/>\n<meta name=\"twitter:card\" content=\"summary_large_image\" \/>\n<meta name=\"twitter:label1\" content=\"Dur\u00e9e de lecture estim\u00e9e\" \/>\n\t<meta name=\"twitter:data1\" content=\"2 minutes\" \/>\n<script type=\"application\/ld+json\" class=\"yoast-schema-graph\">{\"@context\":\"https:\/\/schema.org\",\"@graph\":[{\"@type\":\"WebPage\",\"@id\":\"https:\/\/www.tommedications.com\/fr\/a-propos-de-tom\/\",\"url\":\"https:\/\/www.tommedications.com\/fr\/a-propos-de-tom\/\",\"name\":\"\u00c0 propos de TOM - TOM Medications\",\"isPartOf\":{\"@id\":\"https:\/\/www.tommedications.com\/fr\/#website\"},\"datePublished\":\"2023-01-13T00:19:27+00:00\",\"dateModified\":\"2023-01-13T11:58:56+00:00\",\"description\":\"La TOM facilite le suivi et l'observance des th\u00e9rapies. Il s'agit de la r\u00e9ussite de la th\u00e9rapie et non de donn\u00e9es personnelles.\",\"inLanguage\":\"fr-FR\",\"potentialAction\":[{\"@type\":\"ReadAction\",\"target\":[\"https:\/\/www.tommedications.com\/fr\/a-propos-de-tom\/\"]}]},{\"@type\":\"WebSite\",\"@id\":\"https:\/\/www.tommedications.com\/fr\/#website\",\"url\":\"https:\/\/www.tommedications.com\/fr\/\",\"name\":\"TOM Medications\",\"description\":\"TOM App \u2013 f\u00fcr Gesundheit und Wohlbefinden\",\"publisher\":{\"@id\":\"https:\/\/www.tommedications.com\/fr\/#organization\"},\"potentialAction\":[{\"@type\":\"SearchAction\",\"target\":{\"@type\":\"EntryPoint\",\"urlTemplate\":\"https:\/\/www.tommedications.com\/fr\/?s={search_term_string}\"},\"query-input\":{\"@type\":\"PropertyValueSpecification\",\"valueRequired\":true,\"valueName\":\"search_term_string\"}}],\"inLanguage\":\"fr-FR\"},{\"@type\":\"Organization\",\"@id\":\"https:\/\/www.tommedications.com\/fr\/#organization\",\"name\":\"TOM Medications\",\"url\":\"https:\/\/www.tommedications.com\/fr\/\",\"logo\":{\"@type\":\"ImageObject\",\"inLanguage\":\"fr-FR\",\"@id\":\"https:\/\/www.tommedications.com\/fr\/#\/schema\/logo\/image\/\",\"url\":\"https:\/\/www.tommedications.com\/wp-content\/uploads\/2022\/04\/TOM-Logo.svg\",\"contentUrl\":\"https:\/\/www.tommedications.com\/wp-content\/uploads\/2022\/04\/TOM-Logo.svg\",\"width\":213,\"height\":60,\"caption\":\"TOM Medications\"},\"image\":{\"@id\":\"https:\/\/www.tommedications.com\/fr\/#\/schema\/logo\/image\/\"}}]}<\/script>\n<!-- \/ Yoast SEO plugin. -->","yoast_head_json":{"title":"\u00c0 propos de TOM - TOM Medications","description":"La TOM facilite le suivi et l'observance des th\u00e9rapies. Il s'agit de la r\u00e9ussite de la th\u00e9rapie et non de donn\u00e9es personnelles.","robots":{"index":"index","follow":"follow","max-snippet":"max-snippet:-1","max-image-preview":"max-image-preview:large","max-video-preview":"max-video-preview:-1"},"canonical":"https:\/\/www.tommedications.com\/fr\/a-propos-de-tom\/","og_locale":"fr_FR","og_type":"article","og_title":"\u00c0 propos de TOM - TOM Medications","og_description":"La TOM facilite le suivi et l'observance des th\u00e9rapies. Il s'agit de la r\u00e9ussite de la th\u00e9rapie et non de donn\u00e9es personnelles.","og_url":"https:\/\/www.tommedications.com\/fr\/a-propos-de-tom\/","og_site_name":"TOM Medications","article_modified_time":"2023-01-13T11:58:56+00:00","twitter_card":"summary_large_image","twitter_misc":{"Dur\u00e9e de lecture estim\u00e9e":"2 minutes"},"schema":{"@context":"https:\/\/schema.org","@graph":[{"@type":"WebPage","@id":"https:\/\/www.tommedications.com\/fr\/a-propos-de-tom\/","url":"https:\/\/www.tommedications.com\/fr\/a-propos-de-tom\/","name":"\u00c0 propos de TOM - TOM Medications","isPartOf":{"@id":"https:\/\/www.tommedications.com\/fr\/#website"},"datePublished":"2023-01-13T00:19:27+00:00","dateModified":"2023-01-13T11:58:56+00:00","description":"La TOM facilite le suivi et l'observance des th\u00e9rapies. Il s'agit de la r\u00e9ussite de la th\u00e9rapie et non de donn\u00e9es personnelles.","inLanguage":"fr-FR","potentialAction":[{"@type":"ReadAction","target":["https:\/\/www.tommedications.com\/fr\/a-propos-de-tom\/"]}]},{"@type":"WebSite","@id":"https:\/\/www.tommedications.com\/fr\/#website","url":"https:\/\/www.tommedications.com\/fr\/","name":"TOM Medications","description":"TOM App \u2013 f\u00fcr Gesundheit und Wohlbefinden","publisher":{"@id":"https:\/\/www.tommedications.com\/fr\/#organization"},"potentialAction":[{"@type":"SearchAction","target":{"@type":"EntryPoint","urlTemplate":"https:\/\/www.tommedications.com\/fr\/?s={search_term_string}"},"query-input":{"@type":"PropertyValueSpecification","valueRequired":true,"valueName":"search_term_string"}}],"inLanguage":"fr-FR"},{"@type":"Organization","@id":"https:\/\/www.tommedications.com\/fr\/#organization","name":"TOM Medications","url":"https:\/\/www.tommedications.com\/fr\/","logo":{"@type":"ImageObject","inLanguage":"fr-FR","@id":"https:\/\/www.tommedications.com\/fr\/#\/schema\/logo\/image\/","url":"https:\/\/www.tommedications.com\/wp-content\/uploads\/2022\/04\/TOM-Logo.svg","contentUrl":"https:\/\/www.tommedications.com\/wp-content\/uploads\/2022\/04\/TOM-Logo.svg","width":213,"height":60,"caption":"TOM Medications"},"image":{"@id":"https:\/\/www.tommedications.com\/fr\/#\/schema\/logo\/image\/"}}]}},"_links":{"self":[{"href":"https:\/\/www.tommedications.com\/fr\/wp-json\/wp\/v2\/pages\/9150","targetHints":{"allow":["GET"]}}],"collection":[{"href":"https:\/\/www.tommedications.com\/fr\/wp-json\/wp\/v2\/pages"}],"about":[{"href":"https:\/\/www.tommedications.com\/fr\/wp-json\/wp\/v2\/types\/page"}],"author":[{"embeddable":true,"href":"https:\/\/www.tommedications.com\/fr\/wp-json\/wp\/v2\/users\/5"}],"replies":[{"embeddable":true,"href":"https:\/\/www.tommedications.com\/fr\/wp-json\/wp\/v2\/comments?post=9150"}],"version-history":[{"count":7,"href":"https:\/\/www.tommedications.com\/fr\/wp-json\/wp\/v2\/pages\/9150\/revisions"}],"predecessor-version":[{"id":9328,"href":"https:\/\/www.tommedications.com\/fr\/wp-json\/wp\/v2\/pages\/9150\/revisions\/9328"}],"wp:attachment":[{"href":"https:\/\/www.tommedications.com\/fr\/wp-json\/wp\/v2\/media?parent=9150"}],"curies":[{"name":"wp","href":"https:\/\/api.w.org\/{rel}","templated":true}]}}